{"id":14531,"date":"2019-12-11T10:45:23","date_gmt":"2019-12-11T13:45:23","guid":{"rendered":"http:\/\/web.fx2.uy\/?page_id=14531"},"modified":"2021-08-31T12:27:43","modified_gmt":"2021-08-31T15:27:43","slug":"mobile-development","status":"publish","type":"page","link":"https:\/\/fx2.com.uy\/es\/proyectos\/mobile-development\/","title":{"rendered":"Mobile development"},"content":{"rendered":"\t\t<div data-elementor-type=\"wp-page\" data-elementor-id=\"14531\" class=\"elementor elementor-14531\" data-elementor-settings=\"[]\">\n\t\t\t\t\t\t<div class=\"elementor-inner\">\n\t\t\t\t\t\t\t<div class=\"elementor-section-wrap\">\n\t\t\t\t\t\t\t<section class=\"elementor-section elementor-top-section elementor-element elementor-element-eb7fcc0 elementor-section-height-min-height elementor-section-boxed elementor-section-height-default elementor-section-items-middle\" data-id=\"eb7fcc0\" data-element_type=\"section\" data-settings=\"{&quot;background_background&quot;:&quot;classic&quot;}\">\n\t\t\t\t\t\t<div class=\"elementor-container elementor-column-gap-default\">\n\t\t\t\t\t\t\t<div class=\"elementor-row\">\n\t\t\t\t\t<div class=\"elementor-column elementor-col-100 elementor-top-column elementor-element elementor-element-3857b7d\" data-id=\"3857b7d\" data-element_type=\"column\">\n\t\t\t<div class=\"elementor-column-wrap elementor-element-populated\">\n\t\t\t\t\t\t\t<div class=\"elementor-widget-wrap\">\n\t\t\t\t\t\t<div class=\"elementor-element elementor-element-df396b2 elementor-widget elementor-widget-heading\" data-id=\"df396b2\" data-element_type=\"widget\" data-widget_type=\"heading.default\">\n\t\t\t\t<div class=\"elementor-widget-container\">\n\t\t\t<h2 class=\"elementor-heading-title elementor-size-default\">Mobile development<\/h2>\t\t<\/div>\n\t\t\t\t<\/div>\n\t\t\t\t\t\t<\/div>\n\t\t\t\t\t<\/div>\n\t\t<\/div>\n\t\t\t\t\t\t\t\t<\/div>\n\t\t\t\t\t<\/div>\n\t\t<\/section>\n\t\t\t\t<section class=\"elementor-section elementor-top-section elementor-element elementor-element-259e924 elementor-section-boxed elementor-section-height-default elementor-section-height-default\" data-id=\"259e924\" data-element_type=\"section\">\n\t\t\t\t\t\t<div class=\"elementor-container elementor-column-gap-default\">\n\t\t\t\t\t\t\t<div class=\"elementor-row\">\n\t\t\t\t\t<div class=\"elementor-column elementor-col-100 elementor-top-column elementor-element elementor-element-b77719a\" data-id=\"b77719a\" data-element_type=\"column\">\n\t\t\t<div class=\"elementor-column-wrap elementor-element-populated\">\n\t\t\t\t\t\t\t<div class=\"elementor-widget-wrap\">\n\t\t\t\t\t\t<div class=\"elementor-element elementor-element-08f56d3 elementor-widget elementor-widget-text-editor\" data-id=\"08f56d3\" data-element_type=\"widget\" data-widget_type=\"text-editor.default\">\n\t\t\t\t<div class=\"elementor-widget-container\">\n\t\t\t\t\t<div class=\"elementor-text-editor elementor-clearfix\"><div class=\"botones-proyectos\"><a href=\"https:\/\/fx2.com.uy\/es\/proyectos\/web-development\/\" target=\"_blank\" rel=\"noopener\">Web development<\/a> <a href=\"https:\/\/fx2.com.uy\/es\/proyectos\/mobile-development\/\" target=\"_blank\" rel=\"noopener\">Mobile development<\/a>\u00a0<a href=\"https:\/\/fx2.com.uy\/es\/proyectos\/digital-transformation\/\" target=\"_blank\" rel=\"noopener\">Digital transformation<\/a>\n<a href=\"https:\/\/fx2.com.uy\/es\/proyectos\/software-maintenance\/\" target=\"_blank\" rel=\"noopener\">Software maintenance<\/a>\u00a0<a href=\"https:\/\/fx2.com.uy\/es\/proyectos\/cloud-services%20provider\/\" target=\"_blank\" rel=\"noopener\">Cloud services<\/a>\u00a0<a href=\"https:\/\/fx2.com.uy\/es\/proyectos\/staff-augmentation\/\" target=\"_blank\" rel=\"noopener\">Staff augmentation<\/a><\/div><\/div>\n\t\t\t\t<\/div>\n\t\t\t\t<\/div>\n\t\t\t\t\t\t<\/div>\n\t\t\t\t\t<\/div>\n\t\t<\/div>\n\t\t\t\t\t\t\t\t<\/div>\n\t\t\t\t\t<\/div>\n\t\t<\/section>\n\t\t\t\t<section class=\"elementor-section elementor-top-section elementor-element elementor-element-55e56909 elementor-section-boxed elementor-section-height-default elementor-section-height-default\" data-id=\"55e56909\" data-element_type=\"section\">\n\t\t\t\t\t\t<div class=\"elementor-container elementor-column-gap-default\">\n\t\t\t\t\t\t\t<div class=\"elementor-row\">\n\t\t\t\t\t<div class=\"elementor-column elementor-col-100 elementor-top-column elementor-element elementor-element-5281b87b\" data-id=\"5281b87b\" data-element_type=\"column\">\n\t\t\t<div class=\"elementor-column-wrap elementor-element-populated\">\n\t\t\t\t\t\t\t<div class=\"elementor-widget-wrap\">\n\t\t\t\t\t\t<div class=\"elementor-element elementor-element-3083df8 elementor-widget elementor-widget-radiant-portfolio\" data-id=\"3083df8\" data-element_type=\"widget\" data-widget_type=\"radiant-portfolio.default\">\n\t\t\t\t<div class=\"elementor-widget-container\">\n\t\t\t<div class=\"rt-portfolio-box element-four row isotope \" id=\"\"><div class=\"rt-portfolio-box-item col-lg-4 col-md-4 col-sm-4 col-xs-12 mobile-development \"><div class=\"holder\"><div class=\"pic\"><img width=\"720\" height=\"520\" src=\"https:\/\/fx2.com.uy\/es\/wp-content\/uploads\/2019\/06\/salto-grande.jpg\" class=\"attachment-full size-full wp-post-image\" alt=\"salto grande\" loading=\"lazy\" srcset=\"https:\/\/fx2.com.uy\/es\/wp-content\/uploads\/2019\/06\/salto-grande.jpg 720w, https:\/\/fx2.com.uy\/es\/wp-content\/uploads\/2019\/06\/salto-grande-300x217.jpg 300w, https:\/\/fx2.com.uy\/es\/wp-content\/uploads\/2019\/06\/salto-grande-600x433.jpg 600w\" sizes=\"(max-width: 720px) 100vw, 720px\" \/><\/div><div class=\"overlay\" style=\"background-color: #f385c4;\"><\/div><div class=\"data\"><h5 class=\"categories\"><span>Mobile Development<\/span><\/h5><h4 class=\"title\"><a href=\"https:\/\/fx2.com.uy\/es\/portfolio\/salto-grande\/\">Represa Salto Grande<\/a><\/h4><\/div><a class=\"portfolio-link\" href=\"https:\/\/fx2.com.uy\/es\/portfolio\/salto-grande\/\"><i class=\"fa fa-link\"><\/i><\/a><a class=\"portfolio-zoom fancybox\" href=\"https:\/\/fx2.com.uy\/es\/wp-content\/uploads\/2019\/06\/salto-grande.jpg\"><i class=\"fa fa-search\"><\/i><\/a><\/div><\/div><div class=\"rt-portfolio-box-item col-lg-4 col-md-4 col-sm-4 col-xs-12 fx2 mobile-development staff-augmentation web-development \"><div class=\"holder\"><div class=\"pic\"><img width=\"720\" height=\"520\" src=\"https:\/\/fx2.com.uy\/es\/wp-content\/uploads\/2019\/06\/ternium-1.jpg\" class=\"attachment-full size-full wp-post-image\" alt=\"Ternium\" loading=\"lazy\" srcset=\"https:\/\/fx2.com.uy\/es\/wp-content\/uploads\/2019\/06\/ternium-1.jpg 720w, https:\/\/fx2.com.uy\/es\/wp-content\/uploads\/2019\/06\/ternium-1-300x217.jpg 300w, https:\/\/fx2.com.uy\/es\/wp-content\/uploads\/2019\/06\/ternium-1-600x433.jpg 600w\" sizes=\"(max-width: 720px) 100vw, 720px\" \/><\/div><div class=\"overlay\" style=\"background-color: #41b3b4;\"><\/div><div class=\"data\"><h5 class=\"categories\"><span>Fx2<\/span><span>Mobile Development<\/span><span>Staff Augmentation<\/span><span>Web Development<\/span><\/h5><h4 class=\"title\"><a href=\"https:\/\/fx2.com.uy\/es\/portfolio\/ternium\/\">Ternium &#8211; Dashboards Operativos<\/a><\/h4><\/div><a class=\"portfolio-link\" href=\"https:\/\/fx2.com.uy\/es\/portfolio\/ternium\/\"><i class=\"fa fa-link\"><\/i><\/a><a class=\"portfolio-zoom fancybox\" href=\"https:\/\/fx2.com.uy\/es\/wp-content\/uploads\/2019\/06\/ternium-1.jpg\"><i class=\"fa fa-search\"><\/i><\/a><\/div><\/div><div class=\"rt-portfolio-box-item col-lg-4 col-md-4 col-sm-4 col-xs-12 mobile-development web-development \"><div class=\"holder\"><div class=\"pic\"><img width=\"720\" height=\"520\" src=\"https:\/\/fx2.com.uy\/es\/wp-content\/uploads\/2019\/11\/guia-naranja-thumb.jpg\" class=\"attachment-full size-full wp-post-image\" alt=\"guia-naranja\" loading=\"lazy\" srcset=\"https:\/\/fx2.com.uy\/es\/wp-content\/uploads\/2019\/11\/guia-naranja-thumb.jpg 720w, https:\/\/fx2.com.uy\/es\/wp-content\/uploads\/2019\/11\/guia-naranja-thumb-300x217.jpg 300w\" sizes=\"(max-width: 720px) 100vw, 720px\" \/><\/div><div class=\"overlay\" style=\"background-color: #000;\"><\/div><div class=\"data\"><h5 class=\"categories\"><span>Mobile Development<\/span><span>Web Development<\/span><\/h5><h4 class=\"title\"><a href=\"https:\/\/fx2.com.uy\/es\/portfolio\/guia-naranja\/\">Gu\u00eda Naranja &#8211; Clasificados de Servicios<\/a><\/h4><\/div><a class=\"portfolio-link\" href=\"https:\/\/fx2.com.uy\/es\/portfolio\/guia-naranja\/\"><i class=\"fa fa-link\"><\/i><\/a><a class=\"portfolio-zoom fancybox\" href=\"https:\/\/fx2.com.uy\/es\/wp-content\/uploads\/2019\/11\/guia-naranja-thumb.jpg\"><i class=\"fa fa-search\"><\/i><\/a><\/div><\/div><div class=\"rt-portfolio-box-item col-lg-4 col-md-4 col-sm-4 col-xs-12 mobile-development web-development \"><div class=\"holder\"><div class=\"pic\"><\/div><div class=\"overlay\" style=\"background-color: #000;\"><\/div><div class=\"data\"><h5 class=\"categories\"><span>Mobile Development<\/span><span>Web Development<\/span><\/h5><h4 class=\"title\"><a href=\"https:\/\/fx2.com.uy\/es\/portfolio\/prescripciones-medicas-digitales\/\">Prescripciones M\u00e9dicas Digitales<\/a><\/h4><\/div><a class=\"portfolio-link\" href=\"https:\/\/fx2.com.uy\/es\/portfolio\/prescripciones-medicas-digitales\/\"><i class=\"fa fa-link\"><\/i><\/a><a class=\"portfolio-zoom fancybox\" href=\"\"><i class=\"fa fa-search\"><\/i><\/a><\/div><\/div><div class=\"rt-portfolio-box-item col-lg-4 col-md-4 col-sm-4 col-xs-12 mobile-development \"><div class=\"holder\"><div class=\"pic\"><img width=\"720\" height=\"520\" src=\"https:\/\/fx2.com.uy\/es\/wp-content\/uploads\/2019\/12\/vinos-uruguayosii.jpg\" class=\"attachment-full size-full wp-post-image\" alt=\"Vinos Uruguay\" loading=\"lazy\" srcset=\"https:\/\/fx2.com.uy\/es\/wp-content\/uploads\/2019\/12\/vinos-uruguayosii.jpg 720w, https:\/\/fx2.com.uy\/es\/wp-content\/uploads\/2019\/12\/vinos-uruguayosii-300x217.jpg 300w\" sizes=\"(max-width: 720px) 100vw, 720px\" \/><\/div><div class=\"overlay\" style=\"background-color: #aa0055;\"><\/div><div class=\"data\"><h5 class=\"categories\"><span>Mobile Development<\/span><\/h5><h4 class=\"title\"><a href=\"https:\/\/fx2.com.uy\/es\/portfolio\/vinos-uruguayos\/\">Vinos Uruguayos<\/a><\/h4><\/div><a class=\"portfolio-link\" href=\"https:\/\/fx2.com.uy\/es\/portfolio\/vinos-uruguayos\/\"><i class=\"fa fa-link\"><\/i><\/a><a class=\"portfolio-zoom fancybox\" href=\"https:\/\/fx2.com.uy\/es\/wp-content\/uploads\/2019\/12\/vinos-uruguayosii.jpg\"><i class=\"fa fa-search\"><\/i><\/a><\/div><\/div><div class=\"rt-portfolio-box-item col-lg-4 col-md-4 col-sm-4 col-xs-12 mobile-development \"><div class=\"holder\"><div class=\"pic\"><img width=\"720\" height=\"520\" src=\"https:\/\/fx2.com.uy\/es\/wp-content\/uploads\/2019\/12\/guia-lanacionii.jpg\" class=\"attachment-full size-full wp-post-image\" alt=\"Gu\u00eda la naci\u00f3n\" loading=\"lazy\" srcset=\"https:\/\/fx2.com.uy\/es\/wp-content\/uploads\/2019\/12\/guia-lanacionii.jpg 720w, https:\/\/fx2.com.uy\/es\/wp-content\/uploads\/2019\/12\/guia-lanacionii-300x217.jpg 300w\" sizes=\"(max-width: 720px) 100vw, 720px\" \/><\/div><div class=\"overlay\" style=\"background-color: #34a894;\"><\/div><div class=\"data\"><h5 class=\"categories\"><span>Mobile Development<\/span><\/h5><h4 class=\"title\"><a href=\"https:\/\/fx2.com.uy\/es\/portfolio\/guia-la-nacion\/\">Gu\u00eda La Nacion<\/a><\/h4><\/div><a class=\"portfolio-link\" href=\"https:\/\/fx2.com.uy\/es\/portfolio\/guia-la-nacion\/\"><i class=\"fa fa-link\"><\/i><\/a><a class=\"portfolio-zoom fancybox\" href=\"https:\/\/fx2.com.uy\/es\/wp-content\/uploads\/2019\/12\/guia-lanacionii.jpg\"><i class=\"fa fa-search\"><\/i><\/a><\/div><\/div><div class=\"rt-portfolio-box-item col-lg-4 col-md-4 col-sm-4 col-xs-12 mobile-development \"><div class=\"holder\"><div class=\"pic\"><img width=\"720\" height=\"520\" src=\"https:\/\/fx2.com.uy\/es\/wp-content\/uploads\/2019\/12\/hola-thumb.jpg\" class=\"attachment-full size-full wp-post-image\" alt=\"\" loading=\"lazy\" srcset=\"https:\/\/fx2.com.uy\/es\/wp-content\/uploads\/2019\/12\/hola-thumb.jpg 720w, https:\/\/fx2.com.uy\/es\/wp-content\/uploads\/2019\/12\/hola-thumb-300x217.jpg 300w\" sizes=\"(max-width: 720px) 100vw, 720px\" \/><\/div><div class=\"overlay\" style=\"background-color: #000;\"><\/div><div class=\"data\"><h5 class=\"categories\"><span>Mobile Development<\/span><\/h5><h4 class=\"title\"><a href=\"https:\/\/fx2.com.uy\/es\/portfolio\/revista-hola-argentina\/\">Revista \u00a1Hola! Argentina<\/a><\/h4><\/div><a class=\"portfolio-link\" href=\"https:\/\/fx2.com.uy\/es\/portfolio\/revista-hola-argentina\/\"><i class=\"fa fa-link\"><\/i><\/a><a class=\"portfolio-zoom fancybox\" href=\"https:\/\/fx2.com.uy\/es\/wp-content\/uploads\/2019\/12\/hola-thumb.jpg\"><i class=\"fa fa-search\"><\/i><\/a><\/div><\/div><div class=\"rt-portfolio-box-item col-lg-4 col-md-4 col-sm-4 col-xs-12 mobile-development \"><div class=\"holder\"><div class=\"pic\"><img width=\"720\" height=\"520\" src=\"https:\/\/fx2.com.uy\/es\/wp-content\/uploads\/2019\/12\/MercadoLibre-thumb.jpg\" class=\"attachment-full size-full wp-post-image\" alt=\"Mercado Libre\" loading=\"lazy\" srcset=\"https:\/\/fx2.com.uy\/es\/wp-content\/uploads\/2019\/12\/MercadoLibre-thumb.jpg 720w, https:\/\/fx2.com.uy\/es\/wp-content\/uploads\/2019\/12\/MercadoLibre-thumb-300x217.jpg 300w\" sizes=\"(max-width: 720px) 100vw, 720px\" \/><\/div><div class=\"overlay\" style=\"background-color: #000;\"><\/div><div class=\"data\"><h5 class=\"categories\"><span>Mobile Development<\/span><\/h5><h4 class=\"title\"><a href=\"https:\/\/fx2.com.uy\/es\/portfolio\/mercado-libre\/\">Mercado Libre<\/a><\/h4><\/div><a class=\"portfolio-link\" href=\"https:\/\/fx2.com.uy\/es\/portfolio\/mercado-libre\/\"><i class=\"fa fa-link\"><\/i><\/a><a class=\"portfolio-zoom fancybox\" href=\"https:\/\/fx2.com.uy\/es\/wp-content\/uploads\/2019\/12\/MercadoLibre-thumb.jpg\"><i class=\"fa fa-search\"><\/i><\/a><\/div><\/div><div class=\"rt-portfolio-box-item col-lg-4 col-md-4 col-sm-4 col-xs-12 mobile-development \"><div class=\"holder\"><div class=\"pic\"><img width=\"720\" height=\"520\" src=\"https:\/\/fx2.com.uy\/es\/wp-content\/uploads\/2019\/12\/rana-juana-thumb-1.jpg\" class=\"attachment-full size-full wp-post-image\" alt=\"\" loading=\"lazy\" srcset=\"https:\/\/fx2.com.uy\/es\/wp-content\/uploads\/2019\/12\/rana-juana-thumb-1.jpg 720w, https:\/\/fx2.com.uy\/es\/wp-content\/uploads\/2019\/12\/rana-juana-thumb-1-300x217.jpg 300w\" sizes=\"(max-width: 720px) 100vw, 720px\" \/><\/div><div class=\"overlay\" style=\"background-color: #000;\"><\/div><div class=\"data\"><h5 class=\"categories\"><span>Mobile Development<\/span><\/h5><h4 class=\"title\"><a href=\"https:\/\/fx2.com.uy\/es\/portfolio\/plan-ceibal-rana-juana\/\">Plan Ceibal: La Rana Juana<\/a><\/h4><\/div><a class=\"portfolio-link\" href=\"https:\/\/fx2.com.uy\/es\/portfolio\/plan-ceibal-rana-juana\/\"><i class=\"fa fa-link\"><\/i><\/a><a class=\"portfolio-zoom fancybox\" href=\"https:\/\/fx2.com.uy\/es\/wp-content\/uploads\/2019\/12\/rana-juana-thumb-1.jpg\"><i class=\"fa fa-search\"><\/i><\/a><\/div><\/div><div class=\"rt-portfolio-box-item col-lg-4 col-md-4 col-sm-4 col-xs-12 mobile-development \"><div class=\"holder\"><div class=\"pic\"><img width=\"720\" height=\"520\" src=\"https:\/\/fx2.com.uy\/es\/wp-content\/uploads\/2019\/12\/raton-curioso-thumbii.jpg\" class=\"attachment-full size-full wp-post-image\" alt=\"raton curioso\" loading=\"lazy\" srcset=\"https:\/\/fx2.com.uy\/es\/wp-content\/uploads\/2019\/12\/raton-curioso-thumbii.jpg 720w, https:\/\/fx2.com.uy\/es\/wp-content\/uploads\/2019\/12\/raton-curioso-thumbii-300x217.jpg 300w\" sizes=\"(max-width: 720px) 100vw, 720px\" \/><\/div><div class=\"overlay\" style=\"background-color: #000;\"><\/div><div class=\"data\"><h5 class=\"categories\"><span>Mobile Development<\/span><\/h5><h4 class=\"title\"><a href=\"https:\/\/fx2.com.uy\/es\/portfolio\/plan-ceibal-raton-curioso\/\">Plan Ceibal &#8211; Raton Curioso 1 y 2<\/a><\/h4><\/div><a class=\"portfolio-link\" href=\"https:\/\/fx2.com.uy\/es\/portfolio\/plan-ceibal-raton-curioso\/\"><i class=\"fa fa-link\"><\/i><\/a><a class=\"portfolio-zoom fancybox\" href=\"https:\/\/fx2.com.uy\/es\/wp-content\/uploads\/2019\/12\/raton-curioso-thumbii.jpg\"><i class=\"fa fa-search\"><\/i><\/a><\/div><\/div><div class=\"rt-portfolio-box-item col-lg-4 col-md-4 col-sm-4 col-xs-12 cloud-services-provider mobile-development web-development \"><div class=\"holder\"><div class=\"pic\"><img width=\"720\" height=\"520\" src=\"https:\/\/fx2.com.uy\/es\/wp-content\/uploads\/2019\/12\/viewparking-thumb.jpg\" class=\"attachment-full size-full wp-post-image\" alt=\"viewparking\" loading=\"lazy\" srcset=\"https:\/\/fx2.com.uy\/es\/wp-content\/uploads\/2019\/12\/viewparking-thumb.jpg 720w, https:\/\/fx2.com.uy\/es\/wp-content\/uploads\/2019\/12\/viewparking-thumb-300x217.jpg 300w\" sizes=\"(max-width: 720px) 100vw, 720px\" \/><\/div><div class=\"overlay\" style=\"background-color: #000;\"><\/div><div class=\"data\"><h5 class=\"categories\"><span>Cloud Services Provider<\/span><span>Mobile Development<\/span><span>Web Development<\/span><\/h5><h4 class=\"title\"><a href=\"https:\/\/fx2.com.uy\/es\/portfolio\/viewparking\/\">ViewParking<\/a><\/h4><\/div><a class=\"portfolio-link\" href=\"https:\/\/fx2.com.uy\/es\/portfolio\/viewparking\/\"><i class=\"fa fa-link\"><\/i><\/a><a class=\"portfolio-zoom fancybox\" href=\"https:\/\/fx2.com.uy\/es\/wp-content\/uploads\/2019\/12\/viewparking-thumb.jpg\"><i class=\"fa fa-search\"><\/i><\/a><\/div><\/div><div class=\"rt-portfolio-box-item col-lg-4 col-md-4 col-sm-4 col-xs-12 mobile-development \"><div class=\"holder\"><div class=\"pic\"><img width=\"720\" height=\"520\" src=\"https:\/\/fx2.com.uy\/es\/wp-content\/uploads\/2020\/07\/Micuavi-thumb.jpg\" class=\"attachment-full size-full wp-post-image\" alt=\"\" loading=\"lazy\" srcset=\"https:\/\/fx2.com.uy\/es\/wp-content\/uploads\/2020\/07\/Micuavi-thumb.jpg 720w, https:\/\/fx2.com.uy\/es\/wp-content\/uploads\/2020\/07\/Micuavi-thumb-300x217.jpg 300w\" sizes=\"(max-width: 720px) 100vw, 720px\" \/><\/div><div class=\"overlay\" style=\"background-color: #000;\"><\/div><div class=\"data\"><h5 class=\"categories\"><span>Mobile Development<\/span><\/h5><h4 class=\"title\"><a href=\"https:\/\/fx2.com.uy\/es\/portfolio\/micuavi\/\">MiCuaVi<\/a><\/h4><\/div><a class=\"portfolio-link\" href=\"https:\/\/fx2.com.uy\/es\/portfolio\/micuavi\/\"><i class=\"fa fa-link\"><\/i><\/a><a class=\"portfolio-zoom fancybox\" href=\"https:\/\/fx2.com.uy\/es\/wp-content\/uploads\/2020\/07\/Micuavi-thumb.jpg\"><i class=\"fa fa-search\"><\/i><\/a><\/div><\/div><div class=\"rt-portfolio-box-item col-lg-4 col-md-4 col-sm-4 col-xs-12 fx2 mobile-development \"><div class=\"holder\"><div class=\"pic\"><img width=\"720\" height=\"520\" src=\"https:\/\/fx2.com.uy\/es\/wp-content\/uploads\/2022\/01\/cinemateca-thumb.jpg\" class=\"attachment-full size-full wp-post-image\" alt=\"Cinemateca App\" loading=\"lazy\" srcset=\"https:\/\/fx2.com.uy\/es\/wp-content\/uploads\/2022\/01\/cinemateca-thumb.jpg 720w, https:\/\/fx2.com.uy\/es\/wp-content\/uploads\/2022\/01\/cinemateca-thumb-300x217.jpg 300w\" sizes=\"(max-width: 720px) 100vw, 720px\" \/><\/div><div class=\"overlay\" style=\"background-color: #000;\"><\/div><div class=\"data\"><h5 class=\"categories\"><span>Fx2<\/span><span>Mobile Development<\/span><\/h5><h4 class=\"title\"><a href=\"https:\/\/fx2.com.uy\/es\/portfolio\/app-cinemateca\/\">App +Cinemateca<\/a><\/h4><\/div><a class=\"portfolio-link\" href=\"https:\/\/fx2.com.uy\/es\/portfolio\/app-cinemateca\/\"><i class=\"fa fa-link\"><\/i><\/a><a class=\"portfolio-zoom fancybox\" href=\"https:\/\/fx2.com.uy\/es\/wp-content\/uploads\/2022\/01\/cinemateca-thumb.jpg\"><i class=\"fa fa-search\"><\/i><\/a><\/div><\/div><div class=\"rt-portfolio-box-item col-lg-4 col-md-4 col-sm-4 col-xs-12 digital-transformation mobile-development \"><div class=\"holder\"><div class=\"pic\"><img width=\"720\" height=\"520\" src=\"https:\/\/fx2.com.uy\/es\/wp-content\/uploads\/2023\/03\/malteria-oriental-thumbiii.jpg\" class=\"attachment-full size-full wp-post-image\" alt=\"\" loading=\"lazy\" srcset=\"https:\/\/fx2.com.uy\/es\/wp-content\/uploads\/2023\/03\/malteria-oriental-thumbiii.jpg 720w, https:\/\/fx2.com.uy\/es\/wp-content\/uploads\/2023\/03\/malteria-oriental-thumbiii-300x217.jpg 300w\" sizes=\"(max-width: 720px) 100vw, 720px\" \/><\/div><div class=\"overlay\" style=\"background-color: #000;\"><\/div><div class=\"data\"><h5 class=\"categories\"><span>Digital Transformation<\/span><span>Mobile Development<\/span><\/h5><h4 class=\"title\"><a href=\"https:\/\/fx2.com.uy\/es\/portfolio\/malteria-oriental\/\">Malter\u00eda Oriental<\/a><\/h4><\/div><a class=\"portfolio-link\" href=\"https:\/\/fx2.com.uy\/es\/portfolio\/malteria-oriental\/\"><i class=\"fa fa-link\"><\/i><\/a><a class=\"portfolio-zoom fancybox\" href=\"https:\/\/fx2.com.uy\/es\/wp-content\/uploads\/2023\/03\/malteria-oriental-thumbiii.jpg\"><i class=\"fa fa-search\"><\/i><\/a><\/div><\/div><\/div>\t\t\t\t<\/div>\n\t\t\t\t<\/div>\n\t\t\t\t\t\t<\/div>\n\t\t\t\t\t<\/div>\n\t\t<\/div>\n\t\t\t\t\t\t\t\t<\/div>\n\t\t\t\t\t<\/div>\n\t\t<\/section>\n\t\t\t\t\t\t<\/div>\n\t\t\t\t\t\t<\/div>\n\t\t\t\t\t<\/div>\n\t\t","protected":false},"excerpt":{"rendered":"<p>Mobile development Web development Mobile development\u00a0Digital transformation Software maintenance\u00a0Cloud services\u00a0Staff augmentation Mobile Development Represa Salto Grande Fx2Mobile DevelopmentStaff AugmentationWeb Development Ternium &#8211; Dashboards Operativos Mobile DevelopmentWeb Development Gu\u00eda Naranja &#8211; Clasificados de Servicios Mobile DevelopmentWeb Development Prescripciones M\u00e9dicas Digitales Mobile Development Vinos Uruguayos Mobile Development Gu\u00eda La Nacion Mobile Development Revista \u00a1Hola! Argentina Mobile Development [&hellip;]<\/p>\n","protected":false},"author":4,"featured_media":15489,"parent":13791,"menu_order":0,"comment_status":"closed","ping_status":"closed","template":"elementor_header_footer","meta":[],"_links":{"self":[{"href":"https:\/\/fx2.com.uy\/es\/wp-json\/wp\/v2\/pages\/14531"}],"collection":[{"href":"https:\/\/fx2.com.uy\/es\/wp-json\/wp\/v2\/pages"}],"about":[{"href":"https:\/\/fx2.com.uy\/es\/wp-json\/wp\/v2\/types\/page"}],"author":[{"embeddable":true,"href":"https:\/\/fx2.com.uy\/es\/wp-json\/wp\/v2\/users\/4"}],"replies":[{"embeddable":true,"href":"https:\/\/fx2.com.uy\/es\/wp-json\/wp\/v2\/comments?post=14531"}],"version-history":[{"count":40,"href":"https:\/\/fx2.com.uy\/es\/wp-json\/wp\/v2\/pages\/14531\/revisions"}],"predecessor-version":[{"id":17821,"href":"https:\/\/fx2.com.uy\/es\/wp-json\/wp\/v2\/pages\/14531\/revisions\/17821"}],"up":[{"embeddable":true,"href":"https:\/\/fx2.com.uy\/es\/wp-json\/wp\/v2\/pages\/13791"}],"wp:featuredmedia":[{"embeddable":true,"href":"https:\/\/fx2.com.uy\/es\/wp-json\/wp\/v2\/media\/15489"}],"wp:attachment":[{"href":"https:\/\/fx2.com.uy\/es\/wp-json\/wp\/v2\/media?parent=14531"}],"curies":[{"name":"wp","href":"https:\/\/api.w.org\/{rel}","templated":true}]}}